{"id":41481,"date":"2022-03-22T08:09:55","date_gmt":"2022-03-22T07:09:55","guid":{"rendered":"https:\/\/www.humard.com\/?page_id=41481"},"modified":"2025-07-30T17:42:54","modified_gmt":"2025-07-30T15:42:54","slug":"datenschutzerklaerung","status":"publish","type":"page","link":"https:\/\/www.humard.com\/de\/datenschutzerklaerung\/","title":{"rendered":"Datenschutzrichtlinie"},"content":{"rendered":"\t\t<div data-elementor-type=\"wp-page\" data-elementor-id=\"41481\" class=\"elementor elementor-41481 elementor-3\" data-elementor-post-type=\"page\">\n\t\t\t\t\t\t<section class=\"ob-is-breaking-bad elementor-section elementor-top-section elementor-element elementor-element-7e846529 elementor-section-boxed elementor-section-height-default elementor-section-height-default\" data-id=\"7e846529\" data-element_type=\"section\" data-e-type=\"section\" data-settings=\"{&quot;jet_parallax_layout_list&quot;:[],&quot;_ob_bbad_use_it&quot;:&quot;yes&quot;,&quot;_ob_bbad_sssic_use&quot;:&quot;no&quot;,&quot;_ob_glider_is_slider&quot;:&quot;no&quot;}\">\n\t\t\t\t\t\t<div class=\"elementor-container elementor-column-gap-default\">\n\t\t\t\t\t<div class=\"elementor-column elementor-col-100 elementor-top-column elementor-element elementor-element-26b32f07\" data-id=\"26b32f07\" data-element_type=\"column\" data-e-type=\"column\" data-settings=\"{&quot;_ob_bbad_is_stalker&quot;:&quot;no&quot;,&quot;_ob_teleporter_use&quot;:false,&quot;_ob_column_hoveranimator&quot;:&quot;no&quot;,&quot;_ob_column_has_pseudo&quot;:&quot;no&quot;}\">\n\t\t\t<div class=\"elementor-widget-wrap elementor-element-populated\">\n\t\t\t\t\t\t<div class=\"elementor-element elementor-element-2f52b320 ob-harakiri-inherit ob-has-background-overlay elementor-widget elementor-widget-text-editor\" data-id=\"2f52b320\" data-element_type=\"widget\" data-e-type=\"widget\" data-settings=\"{&quot;_ob_use_harakiri&quot;:&quot;yes&quot;,&quot;_ob_harakiri_writing_mode&quot;:&quot;inherit&quot;,&quot;_ob_postman_use&quot;:&quot;no&quot;,&quot;_ob_perspektive_use&quot;:&quot;no&quot;,&quot;_ob_poopart_use&quot;:&quot;yes&quot;,&quot;_ob_shadough_use&quot;:&quot;no&quot;,&quot;_ob_allow_hoveranimator&quot;:&quot;no&quot;,&quot;_ob_widget_stalker_use&quot;:&quot;no&quot;}\" data-widget_type=\"text-editor.default\">\n\t\t\t\t<div class=\"elementor-widget-container\">\n\t\t\t\t\t\t\t\t\t<h1>Datenschutz<\/h1><h5> <\/h5><h5>Diese Website wird bereitgestellt von:<\/h5><p> <\/p><p><b>HUMARD Automation SA<\/b><br>6, rue St-Randoald<br>2800 Del\u00e9mont<br>Schweiz<\/p><p> <\/p><p><b>E-Mail: <\/b>info@humard.com<\/p><p><b>Telefon:<\/b> +41 32 421 40 90<\/p><p> <\/p><p>Wir sch\u00fctzen Ihre Privatsph\u00e4re und personenbezogenen Daten. Unsere Verarbeitung personenbezogener Daten unserer Benutzer beschr\u00e4nkt sich auf die f\u00fcr die Bereitstellung einer funktionsf\u00e4higen Website sowie unserer Inhalte und Dienstleistungen erforderlichen Daten. Wir sammeln, verarbeiten und nutzen Ihre personenbezogenen Daten gem\u00e4\u00df dem Inhalt dieser Datenschutzbestimmungen und den geltenden Datenschutzbestimmungen, einschlie\u00dflich des schweizerischen Bundesgesetzes \u00fcber den Datenschutz (DSG). Diese Datenschutzbestimmungen definieren die personenbezogenen Daten, die wir \u00fcber Sie sammeln, verarbeiten und nutzen. Bitte lesen Sie das Folgende sorgf\u00e4ltig durch.<\/p><p> <\/p><ol><li><strong>Verantwortlicher<\/strong><br>HUMARD Automation SA ist f\u00fcr die personenbezogenen Daten der Nutzer (nachfolgend \u201eSie\u201c) der Website im Sinne des Datenschutzgesetzes verantwortlich.<\/li><li><strong>Beschreibung und Umfang der Datenverarbeitung<\/strong><ol><li>Personenbezogene Daten im Sinne dieser Datenschutzbestimmungen sind alle Informationen, die sich auf eine identifizierte oder identifizierbare nat\u00fcrliche Person (im Folgenden \u201ebetroffene Person\u201c) beziehen. Dazu geh\u00f6ren insbesondere Ihr Name, Ihre Adresse und Ihre E-Mail-Adresse.<\/li><li>Personenbezogene Daten umfassen auch Informationen \u00fcber Ihre Nutzung unserer Website. In diesem Zusammenhang erfassen wir von Ihnen folgende personenbezogene Daten: Informationen \u00fcber Ihre Besuche auf unserer Website, wie den Umfang der Daten\u00fcbertragung, den Ort, von dem aus Sie auf Daten auf unserer Website zugreifen, und andere Verbindungs- und Quellendaten, die Sie abrufen. Dies erfolgt in der Regel durch die Verwendung von Protokolldateien und Cookies. Weitere Informationen zu Protokolldateien und Cookies finden Sie unten.<\/li><li>Grunds\u00e4tzlich werden Ihre personenbezogenen Daten f\u00fcr einen Zeitraum von maximal zwei Jahren gespeichert. Wenn wir Ihre IP-Adresse erfassen, wird sie nur f\u00fcr die Dauer Ihrer Nutzung der Website erfasst und anschlie\u00dfend sofort gel\u00f6scht oder durch K\u00fcrzung anonymisiert.<\/li><\/ol><\/li><li><strong>Verwendungszweck<\/strong><br>Wir verwenden Ihre personenbezogenen Daten f\u00fcr folgende Zwecke:<ol><li>Um die von Ihnen angeforderten Dienstleistungen bereitzustellen;<\/li><li>Um sicherzustellen, dass unsere Website f\u00fcr Sie auf effektivste und interessanteste Weise pr\u00e4sentiert wird;<\/li><li>Zur Erf\u00fcllung unserer Verpflichtungen aus einem Vertrag zwischen Ihnen und uns;<\/li><li>Um Ihnen die Teilnahme an interaktiven Angeboten zu erm\u00f6glichen, wenn Sie dies w\u00fcnschen;<\/li><li>Um Sie \u00fcber \u00c4nderungen an unseren Dienstleistungen zu informieren.<\/li><\/ol><\/li><li><strong>Grunds\u00e4tze der Datenverarbeitung<\/strong><br>Bei der Datenverarbeitung ber\u00fccksichtigen wir die Grunds\u00e4tze der Rechtm\u00e4\u00dfigkeit, Verh\u00e4ltnism\u00e4\u00dfigkeit, Zweckbindung, Transparenz, einschlie\u00dflich der Einhaltung von Informationspflichten, und Datensicherheit.<\/li><li><strong>Newsletter-Kontaktformular<\/strong><br>Die von Ihnen eingegebenen Daten werden zum Zweck der individuellen Kommunikation mit Ihnen gespeichert. Hierf\u00fcr ist die Angabe einer g\u00fcltigen E-Mail-Adresse und Ihres Namens erforderlich. Dies dient der Zuordnung der Anfrage und der anschlie\u00dfenden Antwort. Die Bereitstellung weiterer Daten ist optional.<\/li><li><strong>Eingebettete Inhalte von anderen Websites<\/strong><br>Beitr\u00e4ge auf dieser Website k\u00f6nnen eingebettete Inhalte enthalten (z. B. Videos, Bilder, Artikel usw.). Eingebettete Inhalte von anderen Websites verhalten sich genauso, als h\u00e4tte der Besucher die andere Website besucht. Diese Websites k\u00f6nnen Daten \u00fcber Sie sammeln, Cookies verwenden, zus\u00e4tzliche Tracking-Dienste von Dritten integrieren und Ihre Interaktion mit diesen eingebetteten Inhalten aufzeichnen, einschlie\u00dflich Ihrer Interaktion mit dem Inhalt, wenn Sie ein Konto haben und auf dieser Website angemeldet sind.<\/li><li><strong>Informationen \u00fcber Ihren Computer, Cookies<\/strong><ol><li>Jedes Mal, wenn Sie unsere Website aufrufen, erfassen wir folgende Informationen \u00fcber Ihren Computer: Ihre Computer-IP-Adresse, die Anforderung Ihres Browsers und die Zeit dieser Anforderung. Dar\u00fcber hinaus werden der Status und die \u00fcbertragene Datenmenge im Rahmen dieser Anfrage protokolliert. [Wir erfassen au\u00dferdem Informationen \u00fcber das Produkt und die Version des verwendeten Browsers sowie das Betriebssystem Ihres Computers. Wir protokollieren au\u00dferdem die Website, von der aus der Zugriff auf unsere Seite erfolgte.]  Die IP-Adresse Ihres Computers wird nur f\u00fcr die Dauer Ihrer Nutzung der Website erfasst und dann sofort gel\u00f6scht oder durch K\u00fcrzung anonymisiert. Wir verwenden diese Daten f\u00fcr den Betrieb unserer Website, einschlie\u00dflich der Erkennung und Beseitigung von Fehlern auf der Website, der Ermittlung der Arbeitslast der Website und der Durchf\u00fchrung von Anpassungen oder Verbesserungen.<\/li><li>Cookies tragen auf vielf\u00e4ltige Weise dazu bei, Ihren Besuch auf unserer Website einfacher, angenehmer und sinnvoller zu gestalten. Cookies sind Informationsdateien, die Ihr Internetbrowser automatisch auf der Festplatte Ihres Computers speichert, wenn Sie unsere Website besuchen. Wir verwenden Cookies beispielsweise vor\u00fcbergehend, um die von Ihnen gew\u00e4hlten Dienste und die von Ihnen eingegebenen Daten beim Ausf\u00fcllen eines Formulars auf der Website zu speichern, damit Sie die Eingabe nicht wiederholen m\u00fcssen, wenn Sie eine andere Unterseite besuchen. Cookies werden auch verwendet, falls zutreffend, um Sie als registrierten Benutzer nach Ihrer Anmeldung auf der Website identifizieren zu k\u00f6nnen, ohne dass Sie sich beim Besuch einer anderen Unterseite erneut anmelden m\u00fcssen. Wenn Sie keine Navigations-Cookies verwenden m\u00f6chten, k\u00f6nnen Sie Ihren Browser so einstellen, dass keine Speicherung von Cookies akzeptiert wird. Bitte beachten Sie, dass Sie in diesem Fall unsere Website m\u00f6glicherweise nur eingeschr\u00e4nkt oder gar nicht nutzen k\u00f6nnen. Wenn Sie nur unsere eigenen Cookies akzeptieren m\u00f6chten und nicht die unserer Dienstleister und Partner, k\u00f6nnen Sie in Ihrem Browser die Einstellung \u201eCookies von Drittanbietern blockieren\u201c ausw\u00e4hlen.<\/li><\/ol><\/li><li><strong>Einsatz von Google Analytics<\/strong><br>Diese Website benutzt Google Analytics, einen Webanalysedienst der Google LLC, 1600 Amphitheatre Parkway, Mountain View, CA 94043 USA (nachfolgend \u201eGoogle\u201c). Google Analytics verwendet \u201eCookies\u201c, Textdateien, die auf Ihrem Computer gespeichert werden und eine Analyse Ihrer Nutzung der Website erm\u00f6glichen. Die durch das Cookie erzeugten Informationen \u00fcber Ihre Nutzung dieser Website werden in der Regel an einen Server von Google in den USA \u00fcbertragen und dort gespeichert. Aufgrund der Aktivierung der IP-Anonymisierung auf diesen Webseiten wird Ihre IP-Adresse von Google innerhalb der Mitgliedstaaten der Europ\u00e4ischen Union oder in anderen Vertragsstaaten des Abkommens \u00fcber den Europ\u00e4ischen Wirtschaftsraum zuvor gek\u00fcrzt. Nur in Ausnahmef\u00e4llen wird die volle IP-Adresse an einen Server von Google in den USA \u00fcbertragen und dort gek\u00fcrzt. Google wird diese Informationen im Auftrag des Betreibers dieser Website verwenden, um Ihre Nutzung der Website zu bewerten, Berichte \u00fcber die Websiteaktivit\u00e4ten zusammenzustellen und weitere mit der Websitenutzung und der Internetnutzung verbundene Dienstleistungen zu erbringen. Die im Rahmen von Google Analytics von Ihrem Browser \u00fcbermittelte IP-Adresse wird nicht mit anderen Daten von Google zusammengef\u00fchrt. Die Zwecke der Datenverarbeitung sind die Auswertung der Nutzung der Website und die Erstellung von Berichten \u00fcber Websiteaktivit\u00e4ten. Auf Grundlage der Website- und Internetnutzung sollen dann weitere damit verbundene Dienstleistungen erbracht werden. Informationen, die von Cookies und Web Beacons \u00fcber die Nutzung dieser Website (einschlie\u00dflich Ihrer IP-Adresse) und die Auslieferung von Werbeformaten generiert werden, werden an einen Server von Google in den USA \u00fcbertragen und dort gespeichert. Diese Informationen k\u00f6nnen von Google an Vertragspartner von Google weitergegeben werden. Google wird Ihre IP-Adresse jedoch nicht mit anderen von Ihnen gespeicherten Daten in Verbindung bringen. Sie k\u00f6nnen die Installation von Cookies durch entsprechende Einstellungen Ihres Browsers verhindern; wir weisen jedoch darauf hin, dass Sie in diesem Fall m\u00f6glicherweise nicht alle Funktionen dieser Website in vollem Umfang nutzen k\u00f6nnen. Durch die Nutzung dieser Website erkl\u00e4ren Sie sich mit der Bearbeitung der \u00fcber Sie erhobenen Daten durch Google in der zuvor beschriebenen Art und Weise und zu dem zuvor benannten Zweck einverstanden.<\/li><li><strong>Bewerbungen<\/strong><br>Sofern Sie uns Bewerbungen zukommen lassen, sei es auf eine konkrete Stellenausschreibung oder als Initiativbewerbung, verarbeiten wir die bei uns eingegangenen Bewerbungen ausschlie\u00dflich zum Zwecke der Durchf\u00fchrung des Bewerbungsverfahrens. Grunds\u00e4tzlich akzeptieren wir nur Direktbewerbungen von Kandidaten. Bewerbungen, die von Personaldienstleistern gesendet werden, werden ohne Bearbeitung unsererseits zur\u00fcckgesendet oder gel\u00f6scht. Bewerbungen, die wir erhalten, werden nur an Personen weitergeleitet, die am Bewerbungsverfahren beteiligt sind, wie Gesch\u00e4ftsleitung, direkte Vorgesetzte, HR-Manager, Personalabteilung, Gleichstellungsbeauftragte. Wenn der Kandidat eingestellt wird, wird seine Bewerbung in die Personalakte \u00fcbertragen. Wenn die Einstellung nicht erfolgt, werden physisch gesendete Bewerbungen zur\u00fcckgesandt oder elektronisch \u00fcbermittelte Bewerbungen innerhalb von 30 Tagen nach Abschluss des Bewerbungsverfahrens gel\u00f6scht. Kandidaten k\u00f6nnen ihre Bewerbung jederzeit zur\u00fcckziehen und die Berichtigung und L\u00f6schung der von uns gehaltenen Daten beantragen.<\/li><li><strong>Datensicherheit<\/strong><br>Alle Informationen, die Sie uns zur Verf\u00fcgung stellen, werden auf Servern in der [Schweiz\/Europ\u00e4ischen Union] gespeichert. Leider ist die \u00dcbertragung von Informationen \u00fcber das Internet nicht vollst\u00e4ndig sicher, daher k\u00f6nnen wir die Sicherheit der \u00fcber das Internet \u00fcbermittelten Daten nicht garantieren. Wir sch\u00fctzen jedoch unsere Website und andere Systeme durch technische und organisatorische Ma\u00dfnahmen vor Verlust, Zerst\u00f6rung, Zugriff, Ver\u00e4nderung oder Verbreitung Ihrer Daten durch unbefugte Personen. Insbesondere werden Ihre personenbezogenen Daten in verschl\u00fcsselter Form an uns \u00fcbermittelt. Hierf\u00fcr verwenden wir das SSL (Secure Socket Layer)-Verschl\u00fcsselungssystem.<\/li><li><strong>Keine Weitergabe Ihrer personenbezogenen Daten<\/strong><br>Wir geben Ihre personenbezogenen Daten nicht an Dritte weiter, es sei denn, Sie haben in die Datenweitergabe eingewilligt oder wir sind gesetzlich und\/oder durch beh\u00f6rdliche oder gerichtliche Anordnungen dazu berechtigt oder verpflichtet. Dies kann insbesondere die Offenlegung von Informationen zu Zwecken der Strafverfolgung, Risikopr\u00e4vention oder Durchsetzung von geistigen Eigentumsrechten umfassen.<\/li><li><strong>\u00c4nderungen dieser Datenschutzerkl\u00e4rung<\/strong><br>Wir behalten uns das Recht vor, diese Datenschutzerkl\u00e4rung jederzeit mit Wirkung f\u00fcr die Zukunft zu \u00e4ndern. Eine aktualisierte Version steht auf der Website zur Verf\u00fcgung. Wir laden Sie ein, die Website regelm\u00e4\u00dfig zu \u00fcberpr\u00fcfen, um die aktuelle Datenschutzrichtlinie zu kennen.<\/li><li><strong>Ihre Rechte<\/strong><br>Sie haben das Recht, Auskunft \u00fcber die von uns \u00fcber Sie verarbeiteten personenbezogenen Daten zu verlangen. Sie k\u00f6nnen Informationen \u00fcber die personenbezogenen Daten selbst, den Zweck der Verarbeitung, die Speicherdauer oder, falls dies nicht m\u00f6glich ist, die Kriterien f\u00fcr die Festlegung dieser Dauer, die Herkunft Ihrer Daten, sofern sie nicht von Ihnen gesammelt wurden, die m\u00f6gliche Existenz automatisierter Einzelentscheidungen und, falls zutreffend, \u00fcber Empf\u00e4nger oder Kategorien von Empf\u00e4ngern, denen personenbezogene Daten offengelegt werden, anfordern.<p>Sie haben auch das Recht, jede erteilte Einwilligung zur Verwendung Ihrer personenbezogenen Daten jederzeit zu widerrufen.<\/p><p>Sie k\u00f6nnen Ihre oben genannten Rechte bei uns unter der angegebenen Kontaktadresse geltend machen.<\/p><p>Wenn Sie der Meinung sind, dass die Verarbeitung Ihrer personenbezogenen Daten durch uns gegen geltende Datenschutzbestimmungen verst\u00f6\u00dft, haben Sie die M\u00f6glichkeit, eine Beschwerde beim Bundesbeauftragten f\u00fcr den Datenschutz und die Informationsfreiheit einzureichen.<\/p><\/li><\/ol>\t\t\t\t\t\t\t\t<\/div>\n\t\t\t\t<\/div>\n\t\t\t\t\t<\/div>\n\t\t<\/div>\n\t\t\t\t\t<\/div>\n\t\t<\/section>\n\t\t\t\t<\/div>\n\t\t","protected":false},"excerpt":{"rendered":"<p>Datenschutz Diese Website wird bereitgestellt von: HUMARD Automation SA6, rue St-Randoald2800 Del\u00e9montSchweiz E-Mail: info@humard.com Telefon: +41 32 421 40 90 Wir sch\u00fctzen Ihre Privatsph\u00e4re und personenbezogenen Daten. Unsere Verarbeitung personenbezogener Daten unserer Benutzer beschr\u00e4nkt sich auf die f\u00fcr die Bereitstellung einer funktionsf\u00e4higen Website sowie unserer Inhalte und Dienstleistungen erforderlichen Daten. Wir sammeln, verarbeiten und nutzen&hellip; <a class=\"more-link\" href=\"https:\/\/www.humard.com\/de\/datenschutzerklaerung\/\"><span class=\"screen-reader-text\">Datenschutzrichtlinie<\/span> weiterlesen<\/a><\/p>\n","protected":false},"author":17,"featured_media":0,"parent":0,"menu_order":0,"comment_status":"closed","ping_status":"closed","template":"","meta":{"_acf_changed":false,"footnotes":""},"folder":[],"class_list":["post-41481","page","type-page","status-publish","hentry","entry"],"acf":[],"yoast_head":"<!-- This site is optimized with the Yoast SEO plugin v27.2 - https:\/\/yoast.com\/product\/yoast-seo-wordpress\/ -->\n<title>Datenschutzrichtlinie - Humard Automation SA<\/title>\n<meta name=\"robots\" content=\"index, follow, max-snippet:-1, max-image-preview:large, max-video-preview:-1\" \/>\n<link rel=\"canonical\" href=\"https:\/\/www.humard.com\/de\/datenschutzerklaerung\/\" \/>\n<meta property=\"og:locale\" content=\"de_DE\" \/>\n<meta property=\"og:type\" content=\"article\" \/>\n<meta property=\"og:title\" content=\"Datenschutzrichtlinie - Humard Automation SA\" \/>\n<meta property=\"og:description\" content=\"Datenschutz Diese Website wird bereitgestellt von: HUMARD Automation SA6, rue St-Randoald2800 Del\u00e9montSchweiz E-Mail: info@humard.com Telefon: +41 32 421 40 90 Wir sch\u00fctzen Ihre Privatsph\u00e4re und personenbezogenen Daten. Unsere Verarbeitung personenbezogener Daten unserer Benutzer beschr\u00e4nkt sich auf die f\u00fcr die Bereitstellung einer funktionsf\u00e4higen Website sowie unserer Inhalte und Dienstleistungen erforderlichen Daten. Wir sammeln, verarbeiten und nutzen&hellip; Datenschutzrichtlinie weiterlesen\" \/>\n<meta property=\"og:url\" content=\"https:\/\/www.humard.com\/de\/datenschutzerklaerung\/\" \/>\n<meta property=\"og:site_name\" content=\"Humard Automation SA\" \/>\n<meta property=\"article:publisher\" content=\"https:\/\/www.facebook.com\/HUMARDAutomation\/\" \/>\n<meta property=\"article:modified_time\" content=\"2025-07-30T15:42:54+00:00\" \/>\n<meta name=\"twitter:card\" content=\"summary_large_image\" \/>\n<meta name=\"twitter:label1\" content=\"Gesch\u00e4tzte Lesezeit\" \/>\n\t<meta name=\"twitter:data1\" content=\"9\u00a0Minuten\" \/>\n<script type=\"application\/ld+json\" class=\"yoast-schema-graph\">{\"@context\":\"https:\/\/schema.org\",\"@graph\":[{\"@type\":\"WebPage\",\"@id\":\"https:\/\/www.humard.com\/de\/datenschutzerklaerung\/\",\"url\":\"https:\/\/www.humard.com\/de\/datenschutzerklaerung\/\",\"name\":\"Datenschutzrichtlinie - Humard Automation SA\",\"isPartOf\":{\"@id\":\"https:\/\/www.humard.com\/de\/#website\"},\"datePublished\":\"2022-03-22T07:09:55+00:00\",\"dateModified\":\"2025-07-30T15:42:54+00:00\",\"breadcrumb\":{\"@id\":\"https:\/\/www.humard.com\/de\/datenschutzerklaerung\/#breadcrumb\"},\"inLanguage\":\"de\",\"potentialAction\":[{\"@type\":\"ReadAction\",\"target\":[\"https:\/\/www.humard.com\/de\/datenschutzerklaerung\/\"]}]},{\"@type\":\"BreadcrumbList\",\"@id\":\"https:\/\/www.humard.com\/de\/datenschutzerklaerung\/#breadcrumb\",\"itemListElement\":[{\"@type\":\"ListItem\",\"position\":1,\"name\":\"Accueil\",\"item\":\"https:\/\/www.humard.com\/de\/startseite\/\"},{\"@type\":\"ListItem\",\"position\":2,\"name\":\"Datenschutzrichtlinie\"}]},{\"@type\":\"WebSite\",\"@id\":\"https:\/\/www.humard.com\/de\/#website\",\"url\":\"https:\/\/www.humard.com\/de\/\",\"name\":\"Humard Automation SA\",\"description\":\"Au soutien de votre r\u00e9ussite\",\"publisher\":{\"@id\":\"https:\/\/www.humard.com\/de\/#organization\"},\"potentialAction\":[{\"@type\":\"SearchAction\",\"target\":{\"@type\":\"EntryPoint\",\"urlTemplate\":\"https:\/\/www.humard.com\/de\/?s={search_term_string}\"},\"query-input\":{\"@type\":\"PropertyValueSpecification\",\"valueRequired\":true,\"valueName\":\"search_term_string\"}}],\"inLanguage\":\"de\"},{\"@type\":\"Organization\",\"@id\":\"https:\/\/www.humard.com\/de\/#organization\",\"name\":\"Humard Automation SA\",\"url\":\"https:\/\/www.humard.com\/de\/\",\"logo\":{\"@type\":\"ImageObject\",\"inLanguage\":\"de\",\"@id\":\"https:\/\/www.humard.com\/de\/#\/schema\/logo\/image\/\",\"url\":\"https:\/\/www.humard.com\/wp-content\/uploads\/2023\/06\/HUMARD-RVB.svg\",\"contentUrl\":\"https:\/\/www.humard.com\/wp-content\/uploads\/2023\/06\/HUMARD-RVB.svg\",\"width\":767.3,\"height\":112.7,\"caption\":\"Humard Automation SA\"},\"image\":{\"@id\":\"https:\/\/www.humard.com\/de\/#\/schema\/logo\/image\/\"},\"sameAs\":[\"https:\/\/www.facebook.com\/HUMARDAutomation\/\"]}]}<\/script>\n<!-- \/ Yoast SEO plugin. -->","yoast_head_json":{"title":"Datenschutzrichtlinie - Humard Automation SA","robots":{"index":"index","follow":"follow","max-snippet":"max-snippet:-1","max-image-preview":"max-image-preview:large","max-video-preview":"max-video-preview:-1"},"canonical":"https:\/\/www.humard.com\/de\/datenschutzerklaerung\/","og_locale":"de_DE","og_type":"article","og_title":"Datenschutzrichtlinie - Humard Automation SA","og_description":"Datenschutz Diese Website wird bereitgestellt von: HUMARD Automation SA6, rue St-Randoald2800 Del\u00e9montSchweiz E-Mail: info@humard.com Telefon: +41 32 421 40 90 Wir sch\u00fctzen Ihre Privatsph\u00e4re und personenbezogenen Daten. Unsere Verarbeitung personenbezogener Daten unserer Benutzer beschr\u00e4nkt sich auf die f\u00fcr die Bereitstellung einer funktionsf\u00e4higen Website sowie unserer Inhalte und Dienstleistungen erforderlichen Daten. Wir sammeln, verarbeiten und nutzen&hellip; Datenschutzrichtlinie weiterlesen","og_url":"https:\/\/www.humard.com\/de\/datenschutzerklaerung\/","og_site_name":"Humard Automation SA","article_publisher":"https:\/\/www.facebook.com\/HUMARDAutomation\/","article_modified_time":"2025-07-30T15:42:54+00:00","twitter_card":"summary_large_image","twitter_misc":{"Gesch\u00e4tzte Lesezeit":"9\u00a0Minuten"},"schema":{"@context":"https:\/\/schema.org","@graph":[{"@type":"WebPage","@id":"https:\/\/www.humard.com\/de\/datenschutzerklaerung\/","url":"https:\/\/www.humard.com\/de\/datenschutzerklaerung\/","name":"Datenschutzrichtlinie - Humard Automation SA","isPartOf":{"@id":"https:\/\/www.humard.com\/de\/#website"},"datePublished":"2022-03-22T07:09:55+00:00","dateModified":"2025-07-30T15:42:54+00:00","breadcrumb":{"@id":"https:\/\/www.humard.com\/de\/datenschutzerklaerung\/#breadcrumb"},"inLanguage":"de","potentialAction":[{"@type":"ReadAction","target":["https:\/\/www.humard.com\/de\/datenschutzerklaerung\/"]}]},{"@type":"BreadcrumbList","@id":"https:\/\/www.humard.com\/de\/datenschutzerklaerung\/#breadcrumb","itemListElement":[{"@type":"ListItem","position":1,"name":"Accueil","item":"https:\/\/www.humard.com\/de\/startseite\/"},{"@type":"ListItem","position":2,"name":"Datenschutzrichtlinie"}]},{"@type":"WebSite","@id":"https:\/\/www.humard.com\/de\/#website","url":"https:\/\/www.humard.com\/de\/","name":"Humard Automation SA","description":"Au soutien de votre r\u00e9ussite","publisher":{"@id":"https:\/\/www.humard.com\/de\/#organization"},"potentialAction":[{"@type":"SearchAction","target":{"@type":"EntryPoint","urlTemplate":"https:\/\/www.humard.com\/de\/?s={search_term_string}"},"query-input":{"@type":"PropertyValueSpecification","valueRequired":true,"valueName":"search_term_string"}}],"inLanguage":"de"},{"@type":"Organization","@id":"https:\/\/www.humard.com\/de\/#organization","name":"Humard Automation SA","url":"https:\/\/www.humard.com\/de\/","logo":{"@type":"ImageObject","inLanguage":"de","@id":"https:\/\/www.humard.com\/de\/#\/schema\/logo\/image\/","url":"https:\/\/www.humard.com\/wp-content\/uploads\/2023\/06\/HUMARD-RVB.svg","contentUrl":"https:\/\/www.humard.com\/wp-content\/uploads\/2023\/06\/HUMARD-RVB.svg","width":767.3,"height":112.7,"caption":"Humard Automation SA"},"image":{"@id":"https:\/\/www.humard.com\/de\/#\/schema\/logo\/image\/"},"sameAs":["https:\/\/www.facebook.com\/HUMARDAutomation\/"]}]}},"_links":{"self":[{"href":"https:\/\/www.humard.com\/de\/wp-json\/wp\/v2\/pages\/41481","targetHints":{"allow":["GET"]}}],"collection":[{"href":"https:\/\/www.humard.com\/de\/wp-json\/wp\/v2\/pages"}],"about":[{"href":"https:\/\/www.humard.com\/de\/wp-json\/wp\/v2\/types\/page"}],"author":[{"embeddable":true,"href":"https:\/\/www.humard.com\/de\/wp-json\/wp\/v2\/users\/17"}],"replies":[{"embeddable":true,"href":"https:\/\/www.humard.com\/de\/wp-json\/wp\/v2\/comments?post=41481"}],"version-history":[{"count":0,"href":"https:\/\/www.humard.com\/de\/wp-json\/wp\/v2\/pages\/41481\/revisions"}],"wp:attachment":[{"href":"https:\/\/www.humard.com\/de\/wp-json\/wp\/v2\/media?parent=41481"}],"wp:term":[{"taxonomy":"folder","embeddable":true,"href":"https:\/\/www.humard.com\/de\/wp-json\/wp\/v2\/folder?post=41481"}],"curies":[{"name":"wp","href":"https:\/\/api.w.org\/{rel}","templated":true}]}}